{"id":170,"date":"2015-09-22T20:58:10","date_gmt":"2015-09-22T20:58:10","guid":{"rendered":"http:\/\/uran-deutsch-tschechischer-erinnerungsort.info\/?page_id=170"},"modified":"2017-02-15T13:45:13","modified_gmt":"2017-02-15T12:45:13","slug":"uebersichtskarte-lehrpfad","status":"publish","type":"page","link":"https:\/\/uran-deutsch-tschechischer-erinnerungsort.info\/?page_id=170","title":{"rendered":"Karte zum Lehrpfad"},"content":{"rendered":"<address><a href=\"http:\/\/uran-deutsch-tschechischer-erinnerungsort.info\/wp-content\/uploads\/2015\/10\/Lehrpfadanimation.jpg\"><img loading=\"lazy\" decoding=\"async\" class=\"alignnone wp-image-334\" src=\"http:\/\/uran-deutsch-tschechischer-erinnerungsort.info\/wp-content\/uploads\/2015\/10\/Lehrpfadanimation.jpg\" alt=\"Lehrpfadanimation\" width=\"500\" height=\"410\" srcset=\"https:\/\/uran-deutsch-tschechischer-erinnerungsort.info\/wp-content\/uploads\/2015\/10\/Lehrpfadanimation.jpg 770w, https:\/\/uran-deutsch-tschechischer-erinnerungsort.info\/wp-content\/uploads\/2015\/10\/Lehrpfadanimation-300x246.jpg 300w\" sizes=\"auto, (max-width: 500px) 100vw, 500px\" \/><\/a><span style=\"color: #999999;\">Wanderkarte zum Lehrpfad \u201eDie H\u00f6lle von J\u00e1chymov\u201c. Die 8,5 km lange Trasse ist gelb markiert. Quelle: www.mapy.cz. Karte bearbeitet durch Tom\u00e1\u0161 Bou\u0161ka, 2015. Publikation mit freundlicher Genehmigung des Inhabers der Bildrechte: www.mapy.cz.<\/span><\/address>\n<h2>Stationen des Lehrpfads<\/h2>\n<ol>\n<li><a title=\"Quellen und Arbeitsauftr\u00e4ge\" href=\"http:\/\/uran-deutsch-tschechischer-erinnerungsort.info\/?page_id=176\" target=\"_blank\"><strong>Stadtplatz J\u00e1chymov<\/strong><\/a> &#8211; Stationen, f\u00fcr die Quellen und Arbeitsauftr\u00e4ge f\u00fcr den Unterricht vorliegen, sind fett gedruckt.<\/li>\n<li>Grube Svornost (Eintracht), noch heute in Betrieb<\/li>\n<li>Stollen Nr. 1, Freilichtmuseum des Bergbaus<\/li>\n<li><a title=\"Quellen und Arbeitsauftr\u00e4ge\" href=\"http:\/\/uran-deutsch-tschechischer-erinnerungsort.info\/?page_id=176\" target=\"_blank\"><strong>\u201eMauthausener Stiege\u201c<\/strong><\/a><\/li>\n<li>Lager Svornost mit Kerker<\/li>\n<li>St\u00e4dtischer Teich<\/li>\n<li><a title=\"Quellen und Arbeitsauftr\u00e4ge\" href=\"http:\/\/uran-deutsch-tschechischer-erinnerungsort.info\/?page_id=176\" target=\"_blank\"><strong>Lager Eduard<\/strong><\/a><\/li>\n<li>Ehemalige Lagerbefestigung<\/li>\n<li>Grube Eduard<\/li>\n<li>Heinz-Teich<\/li>\n<li><a title=\"Quellen und Arbeitsauftr\u00e4ge\" href=\"http:\/\/uran-deutsch-tschechischer-erinnerungsort.info\/?page_id=176\" target=\"_blank\"><strong>Grube Elias<\/strong><\/a><\/li>\n<li><a title=\"Quellen und Arbeitsauftr\u00e4ge\" href=\"http:\/\/uran-deutsch-tschechischer-erinnerungsort.info\/?page_id=176\" target=\"_blank\"><strong>Grube und Lager Rovnost (Gleichheit)<\/strong><\/a><\/li>\n<\/ol>\n<p>Eine <strong>interaktive Karte des Lehrpfades<\/strong> bietet Informationen zu s\u00e4mtlichen Stationen. F\u00fcr die deutsche Version der Seite bitte erst die Station ausw\u00e4hlen und dann die Schaltfl\u00e4che mit der deutschen Flagge anklicken: <a href=\"http:\/\/www.jachymovskepeklo.cz\" target=\"_blank\">www.jachymovskepeklo.cz<\/a><\/p>\n<p>Es besteht die M\u00f6glichkeit, <strong>Vortr\u00e4ge, Filmvorf\u00fchrungen<\/strong> und\/oder einen <strong>gemeinsamen Besuch in den ehemaligen Uranlagern von J\u00e1chymov<\/strong> zu organisieren. Kontakt:\u00a0 <a href=\"http:\/\/de.politicalprisoners.eu\/joachimsthal.html\" target=\"_blank\">Forscherinitiative Polical Prisoners.eu<\/a>, E-Mail: info@politicalprisoners.eu<\/p>\n<p>Ein gedruckter <strong>Kurzf\u00fchrer zum Lehrpfad <\/strong>kann im Informationszentrum der Stadt J\u00e1chymov erworben werden. Kontakt: Informa\u010dn\u00ed centrum, n\u00e1m\u011bst\u00ed Republiky 1, 36251 J\u00e1chymov, \u010cesk\u00e1 republika, Tel. 00420- 353811379, E-Mail: ic-jachymov@volny.cz<\/p>\n","protected":false},"excerpt":{"rendered":"<p>Wanderkarte zum Lehrpfad \u201eDie H\u00f6lle von J\u00e1chymov\u201c. Die 8,5 km lange Trasse ist gelb markiert. Quelle: www.mapy.cz. Karte bearbeitet durch Tom\u00e1\u0161 Bou\u0161ka, 2015. Publikation mit freundlicher Genehmigung des Inhabers der Bildrechte: www.mapy.cz. Stationen des Lehrpfads Stadtplatz J\u00e1chymov &#8211; Stationen, f\u00fcr die Quellen und Arbeitsauftr\u00e4ge f\u00fcr den Unterricht vorliegen, sind fett gedruckt. Grube Svornost (Eintracht), noch [&hellip;]<\/p>\n","protected":false},"author":4,"featured_media":0,"parent":44,"menu_order":0,"comment_status":"open","ping_status":"closed","template":"","meta":{"footnotes":""},"class_list":["post-170","page","type-page","status-publish","hentry"],"_links":{"self":[{"href":"https:\/\/uran-deutsch-tschechischer-erinnerungsort.info\/index.php?rest_route=\/wp\/v2\/pages\/170","targetHints":{"allow":["GET"]}}],"collection":[{"href":"https:\/\/uran-deutsch-tschechischer-erinnerungsort.info\/index.php?rest_route=\/wp\/v2\/pages"}],"about":[{"href":"https:\/\/uran-deutsch-tschechischer-erinnerungsort.info\/index.php?rest_route=\/wp\/v2\/types\/page"}],"author":[{"embeddable":true,"href":"https:\/\/uran-deutsch-tschechischer-erinnerungsort.info\/index.php?rest_route=\/wp\/v2\/users\/4"}],"replies":[{"embeddable":true,"href":"https:\/\/uran-deutsch-tschechischer-erinnerungsort.info\/index.php?rest_route=%2Fwp%2Fv2%2Fcomments&post=170"}],"version-history":[{"count":20,"href":"https:\/\/uran-deutsch-tschechischer-erinnerungsort.info\/index.php?rest_route=\/wp\/v2\/pages\/170\/revisions"}],"predecessor-version":[{"id":611,"href":"https:\/\/uran-deutsch-tschechischer-erinnerungsort.info\/index.php?rest_route=\/wp\/v2\/pages\/170\/revisions\/611"}],"up":[{"embeddable":true,"href":"https:\/\/uran-deutsch-tschechischer-erinnerungsort.info\/index.php?rest_route=\/wp\/v2\/pages\/44"}],"wp:attachment":[{"href":"https:\/\/uran-deutsch-tschechischer-erinnerungsort.info\/index.php?rest_route=%2Fwp%2Fv2%2Fmedia&parent=170"}],"curies":[{"name":"wp","href":"https:\/\/api.w.org\/{rel}","templated":true}]}}