{"id":178,"date":"2015-09-24T17:57:43","date_gmt":"2015-09-24T17:57:43","guid":{"rendered":"http:\/\/uran-deutsch-tschechischer-erinnerungsort.info\/?page_id=178"},"modified":"2019-01-18T10:42:52","modified_gmt":"2019-01-18T09:42:52","slug":"einfuehrungstext-bergbau-im-erzgebirge","status":"publish","type":"page","link":"https:\/\/uran-deutsch-tschechischer-erinnerungsort.info\/?page_id=178","title":{"rendered":"Einf\u00fchrung und Zeitachse: Bergbau im Erzgebirge \u2013 gemeinsames Erbe"},"content":{"rendered":"<h2>Zeitachse<\/h2>\n<p><a href=\"http:\/\/uran-deutsch-tschechischer-erinnerungsort.info\/wp-content\/uploads\/2016\/09\/Zeitachse-3.jpg\"><img loading=\"lazy\" decoding=\"async\" class=\"alignnone wp-image-401 size-large\" src=\"http:\/\/uran-deutsch-tschechischer-erinnerungsort.info\/wp-content\/uploads\/2016\/09\/Zeitachse-3-1024x491.jpg\" alt=\"Zeitachse 3\" width=\"1024\" height=\"491\" srcset=\"https:\/\/uran-deutsch-tschechischer-erinnerungsort.info\/wp-content\/uploads\/2016\/09\/Zeitachse-3-1024x491.jpg 1024w, https:\/\/uran-deutsch-tschechischer-erinnerungsort.info\/wp-content\/uploads\/2016\/09\/Zeitachse-3-300x144.jpg 300w\" sizes=\"auto, (max-width: 1024px) 100vw, 1024px\" \/><\/a><span style=\"color: #808080;\">Zeitachse: Marcel Mahdal, Ostrava, 2016.<\/span><\/p>\n<h2>Einf\u00fchrung<\/h2>\n<p>Der Bergbau war Jahrhunderte lang die wichtigste Erwerbsquelle auf beiden Seiten der b\u00f6hmisch-s\u00e4chsischen Grenzregion Erzgebirge. Die mehr als 800 Jahre Bergbau hatten Einfluss auf Land und Leute und lie\u00dfen so eine einzigartige montane Kulturlandschaft entstehen. Innerhalb k\u00fcrzerer Zeit entstanden im Erzgebirge d\u00f6rfliche Siedlungen, Burgen, Kl\u00f6ster, St\u00e4dte, Glash\u00fctten und Bergst\u00e4dte. Die Siedler kamen vor allem aus dem heutigen Bayern, Franken und dem Egerland, von Norden aus dem heutigen Th\u00fcringen, Niedersachsen und Sachsen-Anhalt sowie und von Nordosten aus der Lausitz und aus Oberschlesien. Die ersten Silberfunde f\u00fchrten zur Gr\u00fcndung der Bergstadt Freiberg im Jahr 1168. Die Nachricht vom Silberfund verbreitete sich rasch. Das sogenannte \u201eBerggeschrey\u201c lockte in dieser Zeit Tausende Bergleute, H\u00e4ndler und Handwerker in die neue Montanregion. Die Orte Schneeberg, Annaberg, Marienberg und Gottesgab (tschechisch: Bo\u017e\u00ed Dar) entwickelten sich zu wichtigen Zentren des Bergbaus. Au\u00dfer Silber und Zinn wurden noch weitere Erze wie Arsen, Blei, Eisen, Kobalt, Nickel und Zink abgebaut, verh\u00fcttet und verarbeitet, ebenso wie die nicht erzhaltigen Bodensch\u00e4tze Kalkspat (Calcit), Kaolin, Ton und Schwarzkohle. Im Jahre 1518 begannen die Grafen Schlik in Sankt Joachimsthal (J\u00e1chymov) die international ber\u00fchmte Silberm\u00fcnze St. Joachimsthaler zu pr\u00e4gen. Von dieser bekannten T(h)aler-M\u00fcnze wurde sp\u00e4ter auch der Name der amerikanischen W\u00e4hrung Dollar abgeleitet. Kaolin aus der Fundgrube St. Andreas in Aue wurde in der 1710 gegr\u00fcndeten Mei\u00dfner Porzellanmanufaktur verarbeitet.<\/p>\n<p>Im Laufe des 19. Jahrhunderts ging der Bergbau stark zur\u00fcck, da die wichtigsten Silberadern ausgebeutet waren. Die Bev\u00f6lkerung der Region verarmte. Die Bergleute, die nun keine Besch\u00e4ftigung mehr fanden, mussten sich neue Einkommensquellen suchen. So entstanden die f\u00fcr das Erzgebirge typisch gewordenen Handwerkstraditionen. Im Bereich der Holzverarbeitung z\u00e4hlten dazu der Musikinstrumentenbau sowie die Herstellung von Spielsachen und Weihnachtsdekorationen. Die in der Region verbreitete Spitzentechnik Kl\u00f6ppeln wurde weiterentwickelt, ebenso wie die Produktion von Filzpantoffeln und Handschuhen. Im Laufe des 19. Jahrhunderts begann die Industrialisierung des Erzgebirges. Es bildeten sich industrielle Zentren, und man begann mit dem Abbau von Braunkohle im gro\u00dfen Stil. In St. Joachimsthal f\u00f6rderte man zum ersten Mal weltweit Uranerze, die bei der Herstellung von Uranfarben f\u00fcr die Glasindustrie ihren Einsatz fanden. Im Jahr 1906 wurde dort das erste Radon-Kurbad der Welt er\u00f6ffnet.<\/p>\n<p>Wenn die Zeitachse als Quelle genutzt und von Sch\u00fclern bearbeitet werden soll: <a href=\"http:\/\/uran-deutsch-tschechischer-erinnerungsort.info\/?page_id=268\" target=\"_blank\" rel=\"noopener\"><strong>Quellen und Arbeitsauftr\u00e4ge<\/strong><\/a><\/p>\n","protected":false},"excerpt":{"rendered":"<p>Zeitachse Zeitachse: Marcel Mahdal, Ostrava, 2016. Einf\u00fchrung Der Bergbau war Jahrhunderte lang die wichtigste Erwerbsquelle auf beiden Seiten der b\u00f6hmisch-s\u00e4chsischen Grenzregion Erzgebirge. Die mehr als 800 Jahre Bergbau hatten Einfluss auf Land und Leute und lie\u00dfen so eine einzigartige montane Kulturlandschaft entstehen. Innerhalb k\u00fcrzerer Zeit entstanden im Erzgebirge d\u00f6rfliche Siedlungen, Burgen, Kl\u00f6ster, St\u00e4dte, Glash\u00fctten und [&hellip;]<\/p>\n","protected":false},"author":4,"featured_media":0,"parent":48,"menu_order":0,"comment_status":"closed","ping_status":"closed","template":"","meta":{"footnotes":""},"class_list":["post-178","page","type-page","status-publish","hentry"],"_links":{"self":[{"href":"https:\/\/uran-deutsch-tschechischer-erinnerungsort.info\/index.php?rest_route=\/wp\/v2\/pages\/178","targetHints":{"allow":["GET"]}}],"collection":[{"href":"https:\/\/uran-deutsch-tschechischer-erinnerungsort.info\/index.php?rest_route=\/wp\/v2\/pages"}],"about":[{"href":"https:\/\/uran-deutsch-tschechischer-erinnerungsort.info\/index.php?rest_route=\/wp\/v2\/types\/page"}],"author":[{"embeddable":true,"href":"https:\/\/uran-deutsch-tschechischer-erinnerungsort.info\/index.php?rest_route=\/wp\/v2\/users\/4"}],"replies":[{"embeddable":true,"href":"https:\/\/uran-deutsch-tschechischer-erinnerungsort.info\/index.php?rest_route=%2Fwp%2Fv2%2Fcomments&post=178"}],"version-history":[{"count":11,"href":"https:\/\/uran-deutsch-tschechischer-erinnerungsort.info\/index.php?rest_route=\/wp\/v2\/pages\/178\/revisions"}],"predecessor-version":[{"id":976,"href":"https:\/\/uran-deutsch-tschechischer-erinnerungsort.info\/index.php?rest_route=\/wp\/v2\/pages\/178\/revisions\/976"}],"up":[{"embeddable":true,"href":"https:\/\/uran-deutsch-tschechischer-erinnerungsort.info\/index.php?rest_route=\/wp\/v2\/pages\/48"}],"wp:attachment":[{"href":"https:\/\/uran-deutsch-tschechischer-erinnerungsort.info\/index.php?rest_route=%2Fwp%2Fv2%2Fmedia&parent=178"}],"curies":[{"name":"wp","href":"https:\/\/api.w.org\/{rel}","templated":true}]}}