{"id":20,"date":"2015-06-29T14:02:35","date_gmt":"2015-06-29T14:02:35","guid":{"rendered":"http:\/\/uran-deutsch-tschechischer-erinnerungsort.info\/?page_id=20"},"modified":"2017-03-09T23:48:14","modified_gmt":"2017-03-09T22:48:14","slug":"impressum","status":"publish","type":"page","link":"https:\/\/uran-deutsch-tschechischer-erinnerungsort.info\/?page_id=20","title":{"rendered":"Impressum und Kontakt"},"content":{"rendered":"<p>Die vorliegende didaktisierte digitale Quellen-Sammlung ist den Prinzipien der Multiperspektivit\u00e4t, Multilingualit\u00e4t und des Open Access verpflichtet. Sie verfolgt keine kommerziellen Interessen und dient ausschlie\u00dflich Bildungszwecken.<\/p>\n<p>Koordination: Dipl.-Kulturwirtin Theresa Langer, Kissing; Dr. Robert Maier, GEI Braunschweig<\/p>\n<p>Redaktion: Dipl.-Kulturwirtin Theresa Langer<\/p>\n<p>Technischer Support: Abteilung DIFI, GEI Braunschweig<\/p>\n<p>Fachliche und didaktische Mitwirkung: Mitglieder der <a href=\"http:\/\/www.gei.de\/abteilungen\/europa\/europa-und-der-nationale-faktor\/deutsch-tschechische-schulbuchkommission.html\" target=\"_blank\">Gemeinsamen deutsch-tschechischen Schulbuchkommission<\/a><\/p>\n<p>\u00dcbersetzungen: Dipl.-Kulturwirtin Theresa Langer; Mgr. Marcel Mahdal, Ostrava; PhD Tom\u00e1\u0161 Bou\u0161ka, Prag<\/p>\n<h2 class=\"moz-signature\">Kontakt<\/h2>\n<p class=\"moz-signature\">Bei Fragen und Anmerkungen zu den Webseiten www.uran-deutsch-tschechischer-erinnerungsort.info sowie www.uran-a-cesko-nemecka-mista-pameti.eu wenden Sie sich bitte an<\/p>\n<p class=\"moz-signature\">Dipl.-Kulturwirtin Theresa Langer, Redakteurin der Webseite<br \/>\nE-Mail: <a href=\"mailto:theresalanger@gmx.de\">theresalanger gmx.de<\/a><\/p>\n<p class=\"moz-signature\">oder an<\/p>\n<p class=\"moz-signature\">Dr. Robert Maier, Leiter der Abteilung &#8222;Europa&#8220; Georg-Eckert-Institut &#8211; Leibniz-Institut f\u00fcr internationale Schulbuchforschung<br \/>\nGeorg Eckert Institute for International Textbook Research. Member of the Leibniz Association<br \/>\nCeller Stra\u00dfe 3, D &#8211; 38114 Braunschweig<br \/>\nTelefon +49 (0)531 59099-550, Fax +49-531- 5 90 99 99<br \/>\nE-Mail: <a class=\"moz-txt-link-abbreviated\" href=\"mailto:maier@gei.de\">maier gei.de<\/a> <a class=\"moz-txt-link-freetext\" href=\"http:\/\/www.gei.de\">http:\/\/www.gei.de<\/a><\/p>\n","protected":false},"excerpt":{"rendered":"<p>Die vorliegende didaktisierte digitale Quellen-Sammlung ist den Prinzipien der Multiperspektivit\u00e4t, Multilingualit\u00e4t und des Open Access verpflichtet. Sie verfolgt keine kommerziellen Interessen und dient ausschlie\u00dflich Bildungszwecken. Koordination: Dipl.-Kulturwirtin Theresa Langer, Kissing; Dr. Robert Maier, GEI Braunschweig Redaktion: Dipl.-Kulturwirtin Theresa Langer Technischer Support: Abteilung DIFI, GEI Braunschweig Fachliche und didaktische Mitwirkung: Mitglieder der Gemeinsamen deutsch-tschechischen Schulbuchkommission \u00dcbersetzungen: [&hellip;]<\/p>\n","protected":false},"author":4,"featured_media":0,"parent":0,"menu_order":0,"comment_status":"closed","ping_status":"closed","template":"page-with-bottom-widgets.php","meta":{"footnotes":""},"class_list":["post-20","page","type-page","status-publish","hentry"],"_links":{"self":[{"href":"https:\/\/uran-deutsch-tschechischer-erinnerungsort.info\/index.php?rest_route=\/wp\/v2\/pages\/20","targetHints":{"allow":["GET"]}}],"collection":[{"href":"https:\/\/uran-deutsch-tschechischer-erinnerungsort.info\/index.php?rest_route=\/wp\/v2\/pages"}],"about":[{"href":"https:\/\/uran-deutsch-tschechischer-erinnerungsort.info\/index.php?rest_route=\/wp\/v2\/types\/page"}],"author":[{"embeddable":true,"href":"https:\/\/uran-deutsch-tschechischer-erinnerungsort.info\/index.php?rest_route=\/wp\/v2\/users\/4"}],"replies":[{"embeddable":true,"href":"https:\/\/uran-deutsch-tschechischer-erinnerungsort.info\/index.php?rest_route=%2Fwp%2Fv2%2Fcomments&post=20"}],"version-history":[{"count":11,"href":"https:\/\/uran-deutsch-tschechischer-erinnerungsort.info\/index.php?rest_route=\/wp\/v2\/pages\/20\/revisions"}],"predecessor-version":[{"id":928,"href":"https:\/\/uran-deutsch-tschechischer-erinnerungsort.info\/index.php?rest_route=\/wp\/v2\/pages\/20\/revisions\/928"}],"wp:attachment":[{"href":"https:\/\/uran-deutsch-tschechischer-erinnerungsort.info\/index.php?rest_route=%2Fwp%2Fv2%2Fmedia&parent=20"}],"curies":[{"name":"wp","href":"https:\/\/api.w.org\/{rel}","templated":true}]}}