{"id":250,"date":"2015-09-23T21:23:08","date_gmt":"2015-09-23T21:23:08","guid":{"rendered":"http:\/\/uran-deutsch-tschechischer-erinnerungsort.info\/?page_id=250"},"modified":"2019-01-22T21:26:33","modified_gmt":"2019-01-22T20:26:33","slug":"ueber-diese-seite","status":"publish","type":"page","link":"https:\/\/uran-deutsch-tschechischer-erinnerungsort.info\/?page_id=250","title":{"rendered":"\u00dcber diese Seiten"},"content":{"rendered":"<h2><b>Entstehung<\/b><\/h2>\n<p>Diese Seite ist ein Ergebnis der <a title=\"Bericht XIII. Schulbuchkonferenz\" href=\"http:\/\/www.gei.de\/fileadmin\/gei.de\/videos\/abteilungen\/europa\/Bericht_Breitenbrunn.pdf\" target=\"_blank\" rel=\"noopener\">XIII. deutsch-tschechischen Schulbuchkonferenz<\/a>, die im November 2014 in Breitenbrunn im Erzgebirge stattfand. Die <a href=\"http:\/\/www.gei.de\/abteilungen\/europa\/europa-und-der-nationale-faktor\/deutsch-tschechische-schulbuchkommission.html\" target=\"_blank\" rel=\"noopener\">Gemeinsame deutsch-tschechische Schulbuchkommission<\/a> entschloss sich, anstelle eines Sammelbandes binationale Unterrichtsmaterialien zu diversen Aspekten des Themas &#8222;Uran im deutsch-tschechischen Grenzgebiet&#8220; entstehen zu lassen und diese u.a. auf einer vom <a href=\"http:\/\/www.gei.de\/institut.html\">Georg-Eckert-Institut. Leibnitz-Institut f\u00fcr internationale Schulbuchforschung<\/a> in Braunschweig betreuten Webseite der p\u00e4dagogischen \u00d6ffentlichkeit zur Verf\u00fcgung zu stellen. Die Autoren und Redakteure der Unterrichtsmaterialien sind Mitglieder und vor allem G\u00e4ste der Schulbuchkommission. Ihnen gilt ein besonderer Dank:<\/p>\n<ul>\n<li>Mgr. Marcel Mahdal, Ostrava, f\u00fcr das Modul Bergbau im Erzgebirge<\/li>\n<li>PhD Tom\u00e1\u0161 Bou\u0161ka, Prag, f\u00fcr das Modul Lehrpfad \u201cDie H\u00f6lle von J\u00e1chymov\u201d<\/li>\n<li>Dr. Robert Maier, Braunschweig, f\u00fcr das Modul Kulturgeschichte des Radiums<\/li>\n<\/ul>\n<h2>Redaktioneller Hinweis<\/h2>\n<p>Aus Gr\u00fcnden der besseren Lesbarkeit wird auf dieser Webseite \u00fcberwiegend die m\u00e4nnliche Form in der Bezeichnung der Personen verwendet. Im Sinne des Gleichbehandlungsgesetztes sind diese Bezeichnungen als nicht geschlechtsspezifisch zu betrachten.<\/p>\n","protected":false},"excerpt":{"rendered":"<p>Entstehung Diese Seite ist ein Ergebnis der XIII. deutsch-tschechischen Schulbuchkonferenz, die im November 2014 in Breitenbrunn im Erzgebirge stattfand. Die Gemeinsame deutsch-tschechische Schulbuchkommission entschloss sich, anstelle eines Sammelbandes binationale Unterrichtsmaterialien zu diversen Aspekten des Themas &#8222;Uran im deutsch-tschechischen Grenzgebiet&#8220; entstehen zu lassen und diese u.a. auf einer vom Georg-Eckert-Institut. Leibnitz-Institut f\u00fcr internationale Schulbuchforschung in Braunschweig [&hellip;]<\/p>\n","protected":false},"author":4,"featured_media":0,"parent":0,"menu_order":0,"comment_status":"open","ping_status":"closed","template":"","meta":{"footnotes":""},"class_list":["post-250","page","type-page","status-publish","hentry"],"_links":{"self":[{"href":"https:\/\/uran-deutsch-tschechischer-erinnerungsort.info\/index.php?rest_route=\/wp\/v2\/pages\/250","targetHints":{"allow":["GET"]}}],"collection":[{"href":"https:\/\/uran-deutsch-tschechischer-erinnerungsort.info\/index.php?rest_route=\/wp\/v2\/pages"}],"about":[{"href":"https:\/\/uran-deutsch-tschechischer-erinnerungsort.info\/index.php?rest_route=\/wp\/v2\/types\/page"}],"author":[{"embeddable":true,"href":"https:\/\/uran-deutsch-tschechischer-erinnerungsort.info\/index.php?rest_route=\/wp\/v2\/users\/4"}],"replies":[{"embeddable":true,"href":"https:\/\/uran-deutsch-tschechischer-erinnerungsort.info\/index.php?rest_route=%2Fwp%2Fv2%2Fcomments&post=250"}],"version-history":[{"count":13,"href":"https:\/\/uran-deutsch-tschechischer-erinnerungsort.info\/index.php?rest_route=\/wp\/v2\/pages\/250\/revisions"}],"predecessor-version":[{"id":999,"href":"https:\/\/uran-deutsch-tschechischer-erinnerungsort.info\/index.php?rest_route=\/wp\/v2\/pages\/250\/revisions\/999"}],"wp:attachment":[{"href":"https:\/\/uran-deutsch-tschechischer-erinnerungsort.info\/index.php?rest_route=%2Fwp%2Fv2%2Fmedia&parent=250"}],"curies":[{"name":"wp","href":"https:\/\/api.w.org\/{rel}","templated":true}]}}