{"id":300,"date":"2015-09-24T23:34:32","date_gmt":"2015-09-24T23:34:32","guid":{"rendered":"http:\/\/uran-deutsch-tschechischer-erinnerungsort.info\/?page_id=300"},"modified":"2019-01-31T14:29:17","modified_gmt":"2019-01-31T13:29:17","slug":"literatur-und-links","status":"publish","type":"page","link":"https:\/\/uran-deutsch-tschechischer-erinnerungsort.info\/?page_id=300","title":{"rendered":"Literatur und Internet"},"content":{"rendered":"<h2>Literatur<\/h2>\n<ul>\n<li>APPLEBAUM, Anne: GULAG \u2013 Historie. Praha\u2013Plze\u0148: Beta-Dobrovsk\u00fd &amp; \u0160ev\u010d\u00edk, 2004. 604 s.<\/li>\n<li>BOU\u0160KA, Tom\u00e1\u0161 \u2013 PINEROV\u00c1, Kl\u00e1ra \u2013 LOU\u010c, Michal (eds.). \u010ceskosloven\u0161t\u00ed politi\u010dt\u00ed v\u011bzni: \u017divotn\u00ed p\u0159\u00edb\u011bhy. Praha: Politi\u010dt\u00ed v\u011bzni.cz a \u010cesk\u00e1 asociace or\u00e1ln\u00ed historie, 2009. 352 s.<\/li>\n<li>BURS\u00cdK, Tom\u00e1\u0161. P\u0159i\u0161li jsme na sv\u011bt proto, aby n\u00e1s pron\u00e1sledovali: trestaneck\u00e9 pracovn\u00ed t\u00e1bory p\u0159i uranov\u00fdch dolech v letech 1949\u20131961. Praha: \u00dastav pro studium totalitn\u00edch re\u017eim\u016f, 2009. 196 s.<\/li>\n<li>KAPLAN, Karel. Politick\u00e1 perzekuce za komunistick\u00e9ho re\u017eimu v \u010ceskoslovensku. In GEBAUER, Franti\u0161ek et al. Soudn\u00ed perzekuce politick\u00e9 povahy v \u010ceskoslovensku 1948\u20131989 (Statistick\u00fd p\u0159ehled). Praha: \u00dastav pro soudob\u00e9 d\u011bjiny AV \u010cR, 1993. 236 s.<\/li>\n<li>KAPLAN, Karel; PACL, Vladim\u00edr. Tajn\u00fd prostor J\u00e1chymov. \u010cesk\u00e9 Bud\u011bjovice: Actys, 1993. 191 s.<\/li>\n<li><strong>KARLSCH, Rainer; ZEMAN Zbyn\u011bk A.: Urangeheimnisse. Das Erzgebirge im Brennpunkt der Weltpolitik 1933\u20131960. 4. durchges. Aufl. Berlin: Links, 2002. 320 S.<\/strong><\/li>\n<li>KUKAL, Karel. Deset k\u0159\u00ed\u017e\u016f. 2. vyd\u00e1n\u00ed, upraven\u00e9 a roz\u0161\u00ed\u0159en\u00e9. Rychnov nad Kn\u011b\u017enou: Je\u017eek, 2003. 127 s.<\/li>\n<li>K\u00ddR, Ale\u0161. N\u011bkter\u00e9 sociologick\u00e9 aspekty zach\u00e1zen\u00ed s v\u011bzni v \u010cSR v letech 1945\u20131955. In V\u011bze\u0148sk\u00e9 syst\u00e9my v \u010ceskoslovensku a ve st\u0159edn\u00ed Evrop\u011b 1945\u20131955. Opava: Slezsk\u00e9 muzeum, 2001.<\/li>\n<li>MACK\u016e, Ji\u0159\u00ed. Zap\u0159en\u00e9 generace \u2013 Ob\u011btovan\u00ed \u0161ampi\u00f3ni. Praha: Typo JP, 2004. 312 s.<\/li>\n<li>OCHEC, Jaroslav. Kru\u0161nohorsk\u00e9 \u00fadol\u00ed, kter\u00fdm pro\u0161ly d\u011bjiny. In: Kru\u0161nohorsk\u00fd Luft \/Herzgebirge. Ro\u010dn\u00edk 2 \/ \u010d\u00edslo 11, listopad 2013, s. 16-17.<\/li>\n<li>PECKA, Karel: Mot\u00e1ky nezv\u011bstn\u00e9mu. Brno: Atlantis, 1990. 399 s.<\/li>\n<li>PETR\u00c1\u0160OV\u00c1, Ludmila. V\u011bze\u0148sk\u00e9 t\u00e1bory v j\u00e1chymovsk\u00fdch uranov\u00fdch dolech 1949\u20131961. Separ\u00e1t. Sborn\u00edk archivn\u00edch prac\u00ed, 44, 1994, \u010d. 2. 112 s.<\/li>\n<li><strong>PUSTEJOVSKY, Otfrid. Stalins Bombe und die \u201eH\u00f6lle von Joachimsthal\u201c. Uranbergbau und Zwangsarbeit in der Tschechoslowakei nach 1945. Geschichte; 87, Berlin: LIT Verlag, 2009. 848 S. <\/strong><\/li>\n<li>\u0160EDIV\u00dd, Franti\u0161ek. Legie \u017eiv\u00fdch aneb J\u00e1chymovsk\u00e9 peklo. Praha: Nakladatelstv\u00ed Eva, Milan Nevole, 2003. 110 s.<\/li>\n<li>\u0160EDIV\u00dd, Franti\u0161ek. Pod v\u011b\u017e\u00ed smrti. Autobiografick\u00fd p\u0159\u00edb\u011bh politick\u00e9ho v\u011bzn\u011b. 3., dopln\u011bn\u00e9 vyd\u00e1n\u00ed. Praha: Nakladatelstv\u00ed Eva, Milan Nevole, 2007. 142 s.<\/li>\n<li><strong>\u0160EDIV\u00dd, Franti\u0161ek, Uran f\u00fcr die Sowjetunion. Schriftenreihe des S\u00e4chsischen Landesbeauftragten f\u00fcr die Unterlagen des Staatssicherheitsdienstes der ehemaligen DDR ; 15 , 2. Aufl. Leipzig: Evangelische Verl.-Anst., 2016. 229 S. (deutsche Version von Pod v\u011b\u017e\u00ed smrti)<\/strong><\/li>\n<li>\u0160KUTINA, Vladim\u00edr; BAKAL\u00c1\u0158, Robert. Ztracen\u00e1 l\u00e9ta. P\u0159\u00edb\u011bh hokejov\u00e9ho zlo\u010dinu. Pardubice: Helios, 1990. 176 s.<\/li>\n<li>TOM\u00cd\u010cEK, Rudolf: T\u011b\u017eba uranu v\u00a0Horn\u00edm Slavkov\u011b. Sokolov: Okresn\u00ed muzeum Sokolov, 2000. 294 s.<\/li>\n<\/ul>\n<h2>Internet<\/h2>\n<p>Informationen zum Lehrpfad \u201eDie H\u00f6lle von J\u00e1chymov\u201c und seinen Stationen mit GPS-Koordinaten: <strong>\u00a0<a href=\"http:\/\/m.taggmanager.cz\/trail\/de\/256\" target=\"_blank\" rel=\"noopener\">http:\/\/m.taggmanager.cz\/trail\/de\/256<\/a><\/strong> (deutsch) <a href=\"http:\/\/www.jachymovskepeklo.cz\" target=\"_blank\" rel=\"noopener\">www.jachymovskepeklo.cz<\/a> (tschechisch)<\/p>\n<p>Seiten der Forscherinitiative Political Prisoners.eu (Politische H\u00e4ftlinge): <strong><a href=\"http:\/\/de.politicalprisoners.eu\/index.html\" target=\"_blank\" rel=\"noopener\">http:\/\/de.politicalprisoners.eu\/index.html<\/a><\/strong> (deutsch) <a href=\"http:\/\/www.politictivezni.cz\" target=\"_blank\" rel=\"noopener\">www.politictivezni.cz<\/a> (tschechisch)<\/p>\n<p>Seite des Bergbaumuseums J\u00e1chymov im Stollen Nr. 1:\u00a0 <a href=\"http:\/\/www.kvcard.cz\/de\/slevy\/bergwerksstollen-nr-1-in-jachymov-371\"><strong>http:\/\/www.kvcard.cz\/de\/slevy\/bergwerksstollen-nr-1-in-jachymov-371<\/strong> <\/a>(deutsch) <a href=\"http:\/\/www.omks.cz\/cz\/vypis.php?typ=jachymov\" target=\"_blank\" rel=\"noopener\">www.omks.cz\/cz\/vypis.php?typ=jachymov<\/a> (tschechisch)<\/p>\n<p>Seiten der Vereinigung \u201eT\u00f6chter\u201c, gegr\u00fcndet von T\u00f6chtern ehemaliger politischer H\u00e4ftlinge des tschechoslowakischen kommunistischen Regimes der 1950er Jahre: <a href=\"http:\/\/www.enemysdaughters.com\" target=\"_blank\" rel=\"noopener\"><strong>www.enemysdaughters.com<\/strong><\/a> (englisch) <a href=\"http:\/\/www.dcery.cz\" target=\"_blank\" rel=\"noopener\">www.dcery.cz<\/a> (tschechisch)<\/p>\n<p>Offizielle Seiten der Stadt J\u00e1chymov: <a href=\"http:\/\/www.mestojachymov.cz\" target=\"_blank\" rel=\"noopener\">www.mestojachymov.cz<\/a> (tschechisch)<\/p>\n","protected":false},"excerpt":{"rendered":"<p>Literatur APPLEBAUM, Anne: GULAG \u2013 Historie. Praha\u2013Plze\u0148: Beta-Dobrovsk\u00fd &amp; \u0160ev\u010d\u00edk, 2004. 604 s. BOU\u0160KA, Tom\u00e1\u0161 \u2013 PINEROV\u00c1, Kl\u00e1ra \u2013 LOU\u010c, Michal (eds.). \u010ceskosloven\u0161t\u00ed politi\u010dt\u00ed v\u011bzni: \u017divotn\u00ed p\u0159\u00edb\u011bhy. Praha: Politi\u010dt\u00ed v\u011bzni.cz a \u010cesk\u00e1 asociace or\u00e1ln\u00ed historie, 2009. 352 s. BURS\u00cdK, Tom\u00e1\u0161. P\u0159i\u0161li jsme na sv\u011bt proto, aby n\u00e1s pron\u00e1sledovali: trestaneck\u00e9 pracovn\u00ed t\u00e1bory p\u0159i uranov\u00fdch dolech v [&hellip;]<\/p>\n","protected":false},"author":4,"featured_media":0,"parent":44,"menu_order":0,"comment_status":"closed","ping_status":"closed","template":"","meta":{"footnotes":""},"class_list":["post-300","page","type-page","status-publish","hentry"],"_links":{"self":[{"href":"https:\/\/uran-deutsch-tschechischer-erinnerungsort.info\/index.php?rest_route=\/wp\/v2\/pages\/300","targetHints":{"allow":["GET"]}}],"collection":[{"href":"https:\/\/uran-deutsch-tschechischer-erinnerungsort.info\/index.php?rest_route=\/wp\/v2\/pages"}],"about":[{"href":"https:\/\/uran-deutsch-tschechischer-erinnerungsort.info\/index.php?rest_route=\/wp\/v2\/types\/page"}],"author":[{"embeddable":true,"href":"https:\/\/uran-deutsch-tschechischer-erinnerungsort.info\/index.php?rest_route=\/wp\/v2\/users\/4"}],"replies":[{"embeddable":true,"href":"https:\/\/uran-deutsch-tschechischer-erinnerungsort.info\/index.php?rest_route=%2Fwp%2Fv2%2Fcomments&post=300"}],"version-history":[{"count":12,"href":"https:\/\/uran-deutsch-tschechischer-erinnerungsort.info\/index.php?rest_route=\/wp\/v2\/pages\/300\/revisions"}],"predecessor-version":[{"id":1018,"href":"https:\/\/uran-deutsch-tschechischer-erinnerungsort.info\/index.php?rest_route=\/wp\/v2\/pages\/300\/revisions\/1018"}],"up":[{"embeddable":true,"href":"https:\/\/uran-deutsch-tschechischer-erinnerungsort.info\/index.php?rest_route=\/wp\/v2\/pages\/44"}],"wp:attachment":[{"href":"https:\/\/uran-deutsch-tschechischer-erinnerungsort.info\/index.php?rest_route=%2Fwp%2Fv2%2Fmedia&parent=300"}],"curies":[{"name":"wp","href":"https:\/\/api.w.org\/{rel}","templated":true}]}}