{"id":44,"date":"2015-08-14T13:18:07","date_gmt":"2015-08-14T11:18:07","guid":{"rendered":"http:\/\/uran-deutsch-tschechischer-erinnerungsort.info\/?page_id=44"},"modified":"2019-01-22T22:10:15","modified_gmt":"2019-01-22T21:10:15","slug":"lehrpfad-die-hoelle-von-jachymov","status":"publish","type":"page","link":"https:\/\/uran-deutsch-tschechischer-erinnerungsort.info\/","title":{"rendered":"Lehrpfad \u201eDie H\u00f6lle von J\u00e1chymov&#8220;"},"content":{"rendered":"<p><strong><em>Entdeckungsreise durch die j\u00fcngste Vergangenheit von\u00a0 St. Joachimsthal\u00a0 \/ J\u00e1chymov<\/em><br \/>\n<\/strong><\/p>\n<p><iframe loading=\"lazy\" title=\"Memories of J\u00e1chymov: trail to past\" width=\"500\" height=\"281\" src=\"https:\/\/www.youtube.com\/embed\/GM_-6_qAG4Y?feature=oembed\" frameborder=\"0\" allow=\"accelerometer; autoplay; clipboard-write; encrypted-media; gyroscope; picture-in-picture; web-share\" referrerpolicy=\"strict-origin-when-cross-origin\" allowfullscreen><\/iframe><\/p>\n<p><span style=\"color: #999999;\"><strong>Video zur Einstimmung:<\/strong> Filip Vonka \u00a0und Iveta \u0160krabalov\u00e1, 2015: Memories of J\u00e1chymov: trail to past, L\u00e4nge: 10:56 Min., ver\u00f6ffentlicht am 02.06.2015, Quelle: <a style=\"color: #999999;\" href=\"https:\/\/youtu.be\/GM_-6_qAG4Y\">https:\/\/youtu.be\/GM_-6_qAG4Y<\/a> (08.09.2016). Publikation mit freundlicher Genehmigung des Inhabers der Bildrechte: Verein <a href=\"http:\/\/de.politicalprisoners.eu\/\" target=\"_blank\" rel=\"noopener\">Politi\u010dt\u00ed v\u011bzni.cz<\/a> (Politische H\u00e4ftlinge.cz).<br \/>\n<\/span><\/p>\n<h5>Unterrichtsmaterial<\/h5>\n<p>Dieses Unterrichtsmodul zum 2015 neu gestalteten Lehrpfad \u201eDie H\u00f6lle von J\u00e1chymov\u201c behandelt die neueste Geschichte der Bergstadt St. Joachimsthal (tschechisch J\u00e1chymov) im b\u00f6hmischen Teil des Erzgebirges. Im 20. Jahrhundert wurde dort im gro\u00dfen Stil Uran abgebaut. In der Zeit des Kalten Kriegs nach dem Zweiten Weltkrieg mussten vor allem Zwangsarbeiter, meist politische H\u00e4ftlinge des kommunistischen Regimes in der Tschechoslowakei, das Joachimsthaler Uran f\u00f6rdern. Die Tschechoslowakei belieferte damit die Sowjetunion, die es im Zuge des Wettr\u00fcstens mit den USA f\u00fcr den Atomwaffenbau ben\u00f6tigte. Das Unterrichtsmodul zum Lehrpfad \u201eDie H\u00f6lle von J\u00e1chymov\u201c greift einige Stationen des\u00a0 Lehrpfads auf und thematisiert die Lebens- und Arbeitsbedingungen der ehemaligen Uran-H\u00e4ftlinge, die heute noch sichtbaren Spuren des Uranbergbaus und der H\u00e4ftlinge sowie das Gedenken\/die Erinnerungskultur an Uranabbau und Zwangsarbeit.<\/p>\n<p>Der <strong><a href=\"http:\/\/uran-deutsch-tschechischer-erinnerungsort.info\/?page_id=173\">Einf\u00fchrungstext<\/a><\/strong> liefert Lehrkr\u00e4ften die grundlegenden Informationen zum Thema. Die\u00a0<strong><a href=\"http:\/\/uran-deutsch-tschechischer-erinnerungsort.info\/?page_id=176\">Quellen und Arbeitsauftr\u00e4ge<\/a><\/strong> sind f\u00fcr ca. 16-j\u00e4hrige Sch\u00fcler bestimmt. Kurze erg\u00e4nzende Sachanalysen f\u00fcr Lehrkr\u00e4fte sind beigef\u00fcgt. Eine <strong><a href=\"http:\/\/uran-deutsch-tschechischer-erinnerungsort.info\/?page_id=170\" target=\"_blank\" rel=\"noopener\">\u00dcbersichtskarte des Lehrpfads<\/a><\/strong> zeigt, zu welchen Stationen unsere Seite Materialien bereith\u00e4lt. <a href=\"_wp_link_placeholder\"><strong>Literatur und Links<\/strong><\/a> k\u00f6nnen zur Vertiefung des Themas genutzt werden.<\/p>\n<h5>Autor<\/h5>\n<p>PhD Tom\u00e1\u0161 Bou\u0161ka, Verein <a href=\"http:\/\/de.politicalprisoners.eu\/\" target=\"_blank\" rel=\"noopener\">Politi\u010dt\u00ed v\u011bzni.cz<\/a> (Politische H\u00e4ftlinge.cz), Prag.<\/p>\n<p><a href=\"http:\/\/de.politicalprisoners.eu\/\" target=\"_blank\" rel=\"noopener\"><img loading=\"lazy\" decoding=\"async\" class=\"alignnone  wp-image-480\" src=\"http:\/\/uran-deutsch-tschechischer-erinnerungsort.info\/wp-content\/uploads\/2015\/08\/Logos-beschnitten-300x109.png\" alt=\"Logos beschnitten\" width=\"363\" height=\"132\" srcset=\"https:\/\/uran-deutsch-tschechischer-erinnerungsort.info\/wp-content\/uploads\/2015\/08\/Logos-beschnitten-300x109.png 300w, https:\/\/uran-deutsch-tschechischer-erinnerungsort.info\/wp-content\/uploads\/2015\/08\/Logos-beschnitten.png 578w\" sizes=\"auto, (max-width: 363px) 100vw, 363px\" \/><\/a><span style=\"color: #999999;\">Li.: Ond\u0159ej Kafka, Kafka Design, Prag, 2015: Logo f\u00fcr den neu gestalteten Lehrpfad \u201eDie H\u00f6lle von J\u00e1chymov&#8220;. Re.: Logo des Vereins Politi\u010dt\u00ed v\u011bzni.cz (Politische H\u00e4ftlinge.cz). Publikation beider Logos mit freundlicher Genehmigung des Inhabers der Bildrechte: Forscherinitiative <a href=\"http:\/\/de.politicalprisoners.eu\/\" target=\"_blank\" rel=\"noopener\">Politi\u010dt\u00ed v\u011bzni.cz<\/a><br \/>\n<\/span><\/p>\n","protected":false},"excerpt":{"rendered":"<p>Entdeckungsreise durch die j\u00fcngste Vergangenheit von\u00a0 St. Joachimsthal\u00a0 \/ J\u00e1chymov Video zur Einstimmung: Filip Vonka \u00a0und Iveta \u0160krabalov\u00e1, 2015: Memories of J\u00e1chymov: trail to past, L\u00e4nge: 10:56 Min., ver\u00f6ffentlicht am 02.06.2015, Quelle: https:\/\/youtu.be\/GM_-6_qAG4Y (08.09.2016). Publikation mit freundlicher Genehmigung des Inhabers der Bildrechte: Verein Politi\u010dt\u00ed v\u011bzni.cz (Politische H\u00e4ftlinge.cz). Unterrichtsmaterial Dieses Unterrichtsmodul zum 2015 neu gestalteten Lehrpfad [&hellip;]<\/p>\n","protected":false},"author":4,"featured_media":0,"parent":0,"menu_order":0,"comment_status":"open","ping_status":"closed","template":"","meta":{"footnotes":""},"class_list":["post-44","page","type-page","status-publish","hentry"],"_links":{"self":[{"href":"https:\/\/uran-deutsch-tschechischer-erinnerungsort.info\/index.php?rest_route=\/wp\/v2\/pages\/44","targetHints":{"allow":["GET"]}}],"collection":[{"href":"https:\/\/uran-deutsch-tschechischer-erinnerungsort.info\/index.php?rest_route=\/wp\/v2\/pages"}],"about":[{"href":"https:\/\/uran-deutsch-tschechischer-erinnerungsort.info\/index.php?rest_route=\/wp\/v2\/types\/page"}],"author":[{"embeddable":true,"href":"https:\/\/uran-deutsch-tschechischer-erinnerungsort.info\/index.php?rest_route=\/wp\/v2\/users\/4"}],"replies":[{"embeddable":true,"href":"https:\/\/uran-deutsch-tschechischer-erinnerungsort.info\/index.php?rest_route=%2Fwp%2Fv2%2Fcomments&post=44"}],"version-history":[{"count":50,"href":"https:\/\/uran-deutsch-tschechischer-erinnerungsort.info\/index.php?rest_route=\/wp\/v2\/pages\/44\/revisions"}],"predecessor-version":[{"id":1001,"href":"https:\/\/uran-deutsch-tschechischer-erinnerungsort.info\/index.php?rest_route=\/wp\/v2\/pages\/44\/revisions\/1001"}],"wp:attachment":[{"href":"https:\/\/uran-deutsch-tschechischer-erinnerungsort.info\/index.php?rest_route=%2Fwp%2Fv2%2Fmedia&parent=44"}],"curies":[{"name":"wp","href":"https:\/\/api.w.org\/{rel}","templated":true}]}}