{"id":48,"date":"2015-08-14T13:23:57","date_gmt":"2015-08-14T13:23:57","guid":{"rendered":"http:\/\/uran-deutsch-tschechischer-erinnerungsort.info\/?page_id=48"},"modified":"2017-02-24T18:08:48","modified_gmt":"2017-02-24T17:08:48","slug":"bergbau-im-erzgebirge-gemeinsames-erbe","status":"publish","type":"page","link":"https:\/\/uran-deutsch-tschechischer-erinnerungsort.info\/?page_id=48","title":{"rendered":"Bergbau im Erzgebirge"},"content":{"rendered":"<p><em><strong>800 Jahre gemeinsames Erbe<\/strong><\/em><\/p>\n<p><a href=\"http:\/\/uran-deutsch-tschechischer-erinnerungsort.info\/wp-content\/uploads\/2015\/08\/Bergst\u00e4dte-im-Erzgebirge.jpg\"><img loading=\"lazy\" decoding=\"async\" class=\"alignnone wp-image-700 size-large\" src=\"http:\/\/uran-deutsch-tschechischer-erinnerungsort.info\/wp-content\/uploads\/2015\/08\/Bergst\u00e4dte-im-Erzgebirge-1024x768.jpg\" alt=\"Bergst\u00e4dte im Erzgebirge\" width=\"1024\" height=\"768\" srcset=\"https:\/\/uran-deutsch-tschechischer-erinnerungsort.info\/wp-content\/uploads\/2015\/08\/Bergst\u00e4dte-im-Erzgebirge-1024x768.jpg 1024w, https:\/\/uran-deutsch-tschechischer-erinnerungsort.info\/wp-content\/uploads\/2015\/08\/Bergst\u00e4dte-im-Erzgebirge-300x225.jpg 300w\" sizes=\"auto, (max-width: 1024px) 100vw, 1024px\" \/><\/a><\/p>\n<p><span style=\"color: #808080;\"><strong>Zur Einstimmung: (Stumme) physische Karte mit den Bergst\u00e4dten des Erzgebirges.<\/strong> Karte bearbeitet von Marcel Mahdal, Ostrava (Ostrau), 2016.<\/span><\/p>\n<h2>Unterrichtsmaterial<\/h2>\n<p>Dieses Unterrichtsmodul gibt einen \u00dcberblick \u00fcber die mehr als 800 Jahre Bergbau im s\u00e4chsisch-b\u00f6hmischen Erzgebirge. Das Modul enth\u00e4lt Informationen \u00fcber die Besiedlung der Region, die Anf\u00e4nge des Bergbaus, die Bergbautechnik um 1500, die ber\u00fchmte Silberm\u00fcnze (Joachims-)Thaler, \u00fcber den Beginn des Uranbergbaus und seine Gefahren sowie die aktuelle Bewerbung der Montanen Kulturlandschaft Erzgebirge\/Kru\u0161noho\u0159\u00ed f\u00fcr die Welterbeliste der UNESCO.<\/p>\n<p><strong><a href=\"http:\/\/uran-deutsch-tschechischer-erinnerungsort.info\/?page_id=178\" target=\"_blank\">Zeitachse und Einf\u00fchrungstext <\/a><\/strong>liefern Lehrkr\u00e4ften die grundlegenden Informationen zum Thema. Die\u00a0<strong><a title=\"Quellen und Arbeitsauftr\u00e4ge\" href=\"http:\/\/uran-deutsch-tschechischer-erinnerungsort.info\/?page_id=268\" target=\"_blank\">Bild-, Sach- und Textquellen sowie die Arbeitsauftr\u00e4ge<\/a><\/strong> sind f\u00fcr ca. 14- bis 19-j\u00e4hrige Sch\u00fcler bestimmt. Kurze erg\u00e4nzende Sachanalysen f\u00fcr Lehrkr\u00e4fte sind beigef\u00fcgt. (Die Bildausschnitte vom Annaberger Bergaltar von 1500 k\u00f6nnen gegebenenfalls auch mit j\u00fcngeren Sch\u00fclern bearbeitet werden.) <strong><a href=\"http:\/\/uran-deutsch-tschechischer-erinnerungsort.info\/?page_id=197\">Literatur und Links<\/a><\/strong> dienen der Vertiefung des Themas.<\/p>\n<h2>Autor<\/h2>\n<p><strong>Mgr. Marcel Mahdal<\/strong>, Gymnasiallehrer f\u00fcr Geschichte, Mitglied der Initiative f\u00fcr historisch-politische Bildung <strong><a title=\"PANT\" href=\"http:\/\/www.pant.cz\/english.html\" target=\"_blank\">PANT<\/a><\/strong> sowie Redaktionsmitglied des Internetportals f\u00fcr Geschichte des 20. und 21. Jahrhunderts <a href=\"http:\/\/www.modern-history.eu\/\" target=\"_blank\"><strong>www.modernidejiny.cz<\/strong><\/a>, Ostrava (Ostrau).<\/p>\n","protected":false},"excerpt":{"rendered":"<p>800 Jahre gemeinsames Erbe Zur Einstimmung: (Stumme) physische Karte mit den Bergst\u00e4dten des Erzgebirges. Karte bearbeitet von Marcel Mahdal, Ostrava (Ostrau), 2016. Unterrichtsmaterial Dieses Unterrichtsmodul gibt einen \u00dcberblick \u00fcber die mehr als 800 Jahre Bergbau im s\u00e4chsisch-b\u00f6hmischen Erzgebirge. Das Modul enth\u00e4lt Informationen \u00fcber die Besiedlung der Region, die Anf\u00e4nge des Bergbaus, die Bergbautechnik um 1500, [&hellip;]<\/p>\n","protected":false},"author":4,"featured_media":0,"parent":0,"menu_order":0,"comment_status":"open","ping_status":"open","template":"","meta":{"footnotes":""},"class_list":["post-48","page","type-page","status-publish","hentry"],"_links":{"self":[{"href":"https:\/\/uran-deutsch-tschechischer-erinnerungsort.info\/index.php?rest_route=\/wp\/v2\/pages\/48","targetHints":{"allow":["GET"]}}],"collection":[{"href":"https:\/\/uran-deutsch-tschechischer-erinnerungsort.info\/index.php?rest_route=\/wp\/v2\/pages"}],"about":[{"href":"https:\/\/uran-deutsch-tschechischer-erinnerungsort.info\/index.php?rest_route=\/wp\/v2\/types\/page"}],"author":[{"embeddable":true,"href":"https:\/\/uran-deutsch-tschechischer-erinnerungsort.info\/index.php?rest_route=\/wp\/v2\/users\/4"}],"replies":[{"embeddable":true,"href":"https:\/\/uran-deutsch-tschechischer-erinnerungsort.info\/index.php?rest_route=%2Fwp%2Fv2%2Fcomments&post=48"}],"version-history":[{"count":28,"href":"https:\/\/uran-deutsch-tschechischer-erinnerungsort.info\/index.php?rest_route=\/wp\/v2\/pages\/48\/revisions"}],"predecessor-version":[{"id":708,"href":"https:\/\/uran-deutsch-tschechischer-erinnerungsort.info\/index.php?rest_route=\/wp\/v2\/pages\/48\/revisions\/708"}],"wp:attachment":[{"href":"https:\/\/uran-deutsch-tschechischer-erinnerungsort.info\/index.php?rest_route=%2Fwp%2Fv2%2Fmedia&parent=48"}],"curies":[{"name":"wp","href":"https:\/\/api.w.org\/{rel}","templated":true}]}}